{"id":16151,"date":"2026-01-19T17:18:40","date_gmt":"2026-01-19T17:18:40","guid":{"rendered":"https:\/\/senglobalbusiness.com\/?post_type=product&#038;p=16151"},"modified":"2026-04-29T22:04:42","modified_gmt":"2026-04-29T22:04:42","slug":"lunettes-de-soleil-connectees-audio-bluetooth-unisexe-compatible-avec-ios-et-android","status":"publish","type":"product","link":"https:\/\/senglobalbusiness.com\/index.php\/product\/lunettes-de-soleil-connectees-audio-bluetooth-unisexe-compatible-avec-ios-et-android\/","title":{"rendered":"Lunettes de Soleil Connect\u00e9es Audio Bluetooth &#8211; Unisexe &#8211; compatible avec IOS et Android"},"content":{"rendered":"<p>D\u00e9couvrez l&rsquo;accessoire ultime de l&rsquo;\u00e9t\u00e9 chez\u00a0<strong>SENITA GLOBAL\u00a0<\/strong>: les lunettes de soleil connect\u00e9es qui r\u00e9inventent votre quotidien. Fini les compromis entre style et technologie. Ces lunettes \u00e9l\u00e9gantes et ultra-l\u00e9g\u00e8res combinent une protection solaire de pointe avec une exp\u00e9rience audio immersive, le tout sans aucun fil.<\/p>\n<p>&nbsp;<\/p>\n<p><strong>\u200bPourquoi choisir les Lunettes Audio S ?<\/strong><\/p>\n<p>&nbsp;<\/p>\n<p><strong>\u200bUn son de haute fid\u00e9lit\u00e9, rien que pour vous :<\/strong>\u00a0Plongez dans votre musique, vos podcasts ou vos appels avec une qualit\u00e9 sonore HIFI exceptionnelle. Gr\u00e2ce \u00e0 la technologie innovante de diffusion sonore directionnelle par double haut-parleur, le son est dirig\u00e9 pr\u00e9cis\u00e9ment vers vos oreilles, vous offrant une exp\u00e9rience d&rsquo;\u00e9coute priv\u00e9e et sans d\u00e9ranger votre entourage.<\/p>\n<p><strong>\u200bProtection et clart\u00e9 HD<\/strong>\u00a0: Prot\u00e9gez vos yeux des rayons du soleil avec des verres anti-UV de haute performance. La vision HD vous garantit une clart\u00e9 optique optimale, que vous soyez en pleine exploration urbaine ou en bord de mer.<\/p>\n<p>\u200bLibert\u00e9 totale : \u00c9quip\u00e9es de la technologie sans fil Bluetooth\u00ae 5.3, ces lunettes se connectent instantan\u00e9ment \u00e0 votre smartphone pour une stabilit\u00e9 maximale et une consommation d&rsquo;\u00e9nergie r\u00e9duite. G\u00e9rez vos appels et votre musique d&rsquo;un simple geste, sans jamais avoir \u00e0 sortir votre t\u00e9l\u00e9phone.<\/p>\n<p><strong>\u200bUn design qui s&rsquo;adapte \u00e0 tous les visages\u00a0<\/strong>: Con\u00e7ues pour \u00eatre port\u00e9es par tous, leur design \u00ab\u00a0Versatile Face\u00a0\u00bb assure un look moderne et \u00e9l\u00e9gant, tout en garantissant un confort maximal tout au long de la journ\u00e9e.<\/p>\n","protected":false},"excerpt":{"rendered":"<ul>\n<li><strong>Technologie<\/strong>\u00a0: Bluetooth\u00ae 5.3 (Connexion rapide et stable)<\/li>\n<li>\u200b<strong>Protection<\/strong>\u00a0: Verres UV400 (anti-ultraviolets, HD)<\/li>\n<li>\u200b<strong>Audio<\/strong>\u00a0: Double haut-parleur avec son directionnel<\/li>\n<li>\u200b<strong>Autonomie<\/strong>\u00a0: 80 mAh<\/li>\n<li>\u200b<strong>Compatibilit\u00e9<\/strong>\u00a0: iOS et Android<\/li>\n<li><strong>\u200bContenu du coffret<\/strong>\u00a0: Lunettes connect\u00e9es, c\u00e2ble de charge USB, chiffon de nettoyage, \u00e9tui de protection.<\/li>\n<li><\/li>\n<\/ul>\n","protected":false},"featured_media":16152,"comment_status":"open","ping_status":"closed","template":"","meta":[],"product_brand":[159],"product_cat":[15],"product_tag":[184,185,186,183,182],"class_list":{"0":"post-16151","1":"product","2":"type-product","3":"status-publish","4":"has-post-thumbnail","6":"product_brand-sen-global-business","7":"product_cat-uncategorized","8":"product_tag-cable-de-charge-usb","9":"product_tag-chiffon-de-nettoyage","10":"product_tag-etui-de-protection","11":"product_tag-hd-audio-double-haut-parleur-avec-son-directionnel-autonomie-80-mah-compatibilite-ios-et-android-contenu-du-coffret-lunettes-connectees","12":"product_tag-technologie-bluetooth-5-3-connexion-rapide-et-stable-protection-verres-uv400-anti-ultraviolets","14":"first","15":"instock","16":"sale","17":"shipping-taxable","18":"purchasable","19":"product-type-simple"},"jetpack_sharing_enabled":true,"_links":{"self":[{"href":"https:\/\/senglobalbusiness.com\/index.php\/wp-json\/wp\/v2\/product\/16151","targetHints":{"allow":["GET"]}}],"collection":[{"href":"https:\/\/senglobalbusiness.com\/index.php\/wp-json\/wp\/v2\/product"}],"about":[{"href":"https:\/\/senglobalbusiness.com\/index.php\/wp-json\/wp\/v2\/types\/product"}],"replies":[{"embeddable":true,"href":"https:\/\/senglobalbusiness.com\/index.php\/wp-json\/wp\/v2\/comments?post=16151"}],"version-history":[{"count":1,"href":"https:\/\/senglobalbusiness.com\/index.php\/wp-json\/wp\/v2\/product\/16151\/revisions"}],"predecessor-version":[{"id":16159,"href":"https:\/\/senglobalbusiness.com\/index.php\/wp-json\/wp\/v2\/product\/16151\/revisions\/16159"}],"wp:featuredmedia":[{"embeddable":true,"href":"https:\/\/senglobalbusiness.com\/index.php\/wp-json\/wp\/v2\/media\/16152"}],"wp:attachment":[{"href":"https:\/\/senglobalbusiness.com\/index.php\/wp-json\/wp\/v2\/media?parent=16151"}],"wp:term":[{"taxonomy":"product_brand","embeddable":true,"href":"https:\/\/senglobalbusiness.com\/index.php\/wp-json\/wp\/v2\/product_brand?post=16151"},{"taxonomy":"product_cat","embeddable":true,"href":"https:\/\/senglobalbusiness.com\/index.php\/wp-json\/wp\/v2\/product_cat?post=16151"},{"taxonomy":"product_tag","embeddable":true,"href":"https:\/\/senglobalbusiness.com\/index.php\/wp-json\/wp\/v2\/product_tag?post=16151"}],"curies":[{"name":"wp","href":"https:\/\/api.w.org\/{rel}","templated":true}]}}