{"id":16169,"date":"2026-01-19T17:48:29","date_gmt":"2026-01-19T17:48:29","guid":{"rendered":"https:\/\/senglobalbusiness.com\/?post_type=product&#038;p=16169"},"modified":"2026-01-19T17:48:29","modified_gmt":"2026-01-19T17:48:29","slug":"lampe-anti-moustiques-avec-camera-cachee-espion-2-dans-1-hd-4k-sans-fil-camera-espion-avec-detection-de-mouvement-et-vision-nocturne","status":"publish","type":"product","link":"https:\/\/senglobalbusiness.com\/index.php\/product\/lampe-anti-moustiques-avec-camera-cachee-espion-2-dans-1-hd-4k-sans-fil-camera-espion-avec-detection-de-mouvement-et-vision-nocturne\/","title":{"rendered":"Lampe anti-moustiques avec Cam\u00e9ra Cach\u00e9e Espion &#8211; 2 dans 1 &#8211; HD 4k sans fil- cam\u00e9ra espion avec d\u00e9tection de mouvement et vision nocturne"},"content":{"rendered":"<p>Chez <strong>Sen Global Business<\/strong><strong>,<\/strong>\u00a0nous nous engageons \u00e0 vous proposer des solutions \u00e0 la fois astucieuses et efficaces pour votre domicile. D\u00e9couvrez notre dernier produit : le pi\u00e8ge \u00e0 moustiques \u00e9lectrique, une solution double fonction qui prot\u00e8ge votre maison des insectes tout en la surveillant avec une discr\u00e9tion absolue.<\/p>\n<p>Une double fonction pour une tranquillit\u00e9 d&rsquo;esprit totale<\/p>\n<p>Ce pi\u00e8ge \u00e0 moustiques, au design moderne et \u00e9pur\u00e9, attire et \u00e9limine les insectes volants tout en se fondant parfaitement dans n&rsquo;importe quel d\u00e9cor. Ce qui le rend unique, c&rsquo;est sa cam\u00e9ra de surveillance int\u00e9gr\u00e9e, si bien cach\u00e9e que personne ne soup\u00e7onnera sa pr\u00e9sence.<\/p>\n<p>Des fonctionnalit\u00e9s de pointe pour une protection compl\u00e8te :<\/p>\n<p>&#8211;\u00a0<strong>Qualit\u00e9 d&rsquo;image 4K Ultra HD :\u00a0<\/strong>Profitez d&rsquo;une clart\u00e9 d&rsquo;image exceptionnelle, capturant chaque d\u00e9tail avec une r\u00e9solution quatre fois sup\u00e9rieure \u00e0 celle du Full HD.<\/p>\n<p>&#8211;\u00a0<strong>Vision nocturne (IR CUT Night Vision)\u00a0<\/strong>: La cam\u00e9ra voit parfaitement dans l&rsquo;obscurit\u00e9, assurant une surveillance 24h\/24, m\u00eame lorsque les lumi\u00e8res sont \u00e9teintes.<\/p>\n<p>&#8211;\u00a0<strong>Communication bidirectionnelle (Video Call)\u00a0<\/strong>: Interagissez avec votre famille, vos animaux de compagnie ou les visiteurs gr\u00e2ce au microphone et au haut-parleur int\u00e9gr\u00e9s.<\/p>\n<p>&#8211;\u00a0<strong>Visualisation \u00e0 distance (Remote View)\u00a0<\/strong>: Acc\u00e9dez au flux vid\u00e9o en direct de n&rsquo;importe o\u00f9 dans le monde via votre smartphone.<\/p>\n<p>&#8211;\u00a0<strong>D\u00e9tection de mouvement (Motion Detection)\u00a0<\/strong>: Recevez des alertes instantan\u00e9es sur votre t\u00e9l\u00e9phone d\u00e8s qu&rsquo;un mouvement est d\u00e9tect\u00e9 dans la pi\u00e8ce.<\/p>\n<p>Le pi\u00e8ge \u00e0 moustiques avec cam\u00e9ra de <strong>Sen Global Business<\/strong>\u00a0est la solution id\u00e9ale pour ceux qui recherchent une protection \u00e0 la fois contre les insectes et les intrusions, le tout dans un seul et m\u00eame appareil. C&rsquo;est l&rsquo;exemple parfait de la fa\u00e7on dont l&rsquo;innovation peut simplifier et s\u00e9curiser votre vie.<\/p>\n<p>Faites le choix de la discr\u00e9tion et de la haute performance avec\u00a0<strong>Sen Global Business<\/strong>.<\/p>\n<p><img decoding=\"async\" src=\"https:\/\/sn.jumia.is\/unsafe\/fit-in\/680x680\/filters:fill(white)\/product\/61\/050721\/1.jpg?7092\" alt=\"product_image_name-Generic-Cam\u00e9ra cach\u00e9e dans une lampe anti-moustiques 4k sans fil- cam\u00e9ra espion avec d\u00e9tection de mouvement et vision nocturne -1\" \/><\/p>\n","protected":false},"excerpt":{"rendered":"<ul>\n<li><strong>Double fonction<\/strong>\u00a0: C&rsquo;est \u00e0 la fois un pi\u00e8ge \u00e0 insectes qui les attire et les \u00e9limine, et une cam\u00e9ra de surveillance cach\u00e9e.<\/li>\n<li>\u00a0<strong>Qualit\u00e9 vid\u00e9o<\/strong>\u00a0: La cam\u00e9ra filme en ultra haute d\u00e9finition (4K Ultra HD), ce qui permet d&rsquo;avoir des images tr\u00e8s nettes et pr\u00e9cises.<\/li>\n<li>\u00a0<strong>Vision nocturne<\/strong>\u00a0: Elle est \u00e9quip\u00e9e d&rsquo;un syst\u00e8me de vision nocturne qui lui permet de filmer clairement m\u00eame dans l&rsquo;obscurit\u00e9 totale.<\/li>\n<li><strong>\u00a0Fonction \u00ab\u00a0Vid\u00e9o Call\u00a0\u00bb\u00a0<\/strong>: Vous pouvez non seulement voir, mais aussi parler et \u00e9couter ce qui se passe gr\u00e2ce au micro et haut-parleur int\u00e9gr\u00e9s.<\/li>\n<li>\u00a0<strong>Surveillance \u00e0 distance<\/strong>\u00a0: En vous connectant avec votre t\u00e9l\u00e9phone, vous pouvez voir la vid\u00e9o en direct de n&rsquo;importe o\u00f9.<\/li>\n<li><strong>\u00a0D\u00e9tection de mouvement<\/strong>\u00a0: La cam\u00e9ra vous envoie une alerte sur votre t\u00e9l\u00e9phone d\u00e8s qu&rsquo;elle d\u00e9tecte un mouvement dans la pi\u00e8ce<\/li>\n<\/ul>\n","protected":false},"featured_media":16170,"comment_status":"open","ping_status":"closed","template":"","meta":[],"product_brand":[159],"product_cat":[160],"product_tag":[188],"class_list":{"0":"post-16169","1":"product","2":"type-product","3":"status-publish","4":"has-post-thumbnail","6":"product_brand-sen-global-business","7":"product_cat-camera-de-surveillance","8":"product_tag-lampe-anti-moustiques-avec-camera-cachee-espion","10":"first","11":"instock","12":"sale","13":"shipping-taxable","14":"purchasable","15":"product-type-simple"},"jetpack_sharing_enabled":true,"_links":{"self":[{"href":"https:\/\/senglobalbusiness.com\/index.php\/wp-json\/wp\/v2\/product\/16169","targetHints":{"allow":["GET"]}}],"collection":[{"href":"https:\/\/senglobalbusiness.com\/index.php\/wp-json\/wp\/v2\/product"}],"about":[{"href":"https:\/\/senglobalbusiness.com\/index.php\/wp-json\/wp\/v2\/types\/product"}],"replies":[{"embeddable":true,"href":"https:\/\/senglobalbusiness.com\/index.php\/wp-json\/wp\/v2\/comments?post=16169"}],"version-history":[{"count":1,"href":"https:\/\/senglobalbusiness.com\/index.php\/wp-json\/wp\/v2\/product\/16169\/revisions"}],"predecessor-version":[{"id":16175,"href":"https:\/\/senglobalbusiness.com\/index.php\/wp-json\/wp\/v2\/product\/16169\/revisions\/16175"}],"wp:featuredmedia":[{"embeddable":true,"href":"https:\/\/senglobalbusiness.com\/index.php\/wp-json\/wp\/v2\/media\/16170"}],"wp:attachment":[{"href":"https:\/\/senglobalbusiness.com\/index.php\/wp-json\/wp\/v2\/media?parent=16169"}],"wp:term":[{"taxonomy":"product_brand","embeddable":true,"href":"https:\/\/senglobalbusiness.com\/index.php\/wp-json\/wp\/v2\/product_brand?post=16169"},{"taxonomy":"product_cat","embeddable":true,"href":"https:\/\/senglobalbusiness.com\/index.php\/wp-json\/wp\/v2\/product_cat?post=16169"},{"taxonomy":"product_tag","embeddable":true,"href":"https:\/\/senglobalbusiness.com\/index.php\/wp-json\/wp\/v2\/product_tag?post=16169"}],"curies":[{"name":"wp","href":"https:\/\/api.w.org\/{rel}","templated":true}]}}